{"id":319,"date":"2022-04-25T08:31:37","date_gmt":"2022-04-25T01:31:37","guid":{"rendered":"https:\/\/tdus.123websitedev.com\/?post_type=product&#038;p=319"},"modified":"2022-07-14T16:57:57","modified_gmt":"2022-07-14T09:57:57","slug":"fresco","status":"publish","type":"product","link":"https:\/\/tdus.com.vn\/en\/product\/fresco\/","title":{"rendered":"FRESCO &#8211; S\u01a0N TRANG TR\u00cd T\u01af\u1edcNG"},"content":{"rendered":"<h3>Product overview<\/h3>\n<p>Fresco l\u00e0 m\u1ed9t lo\u1ea1i s\u01a1n trang tr\u00ed t\u01b0\u1eddng. Fresco c\u00f3 t\u00ednh n\u0103ng \u0111a d\u1ea1ng, cho ph\u00e9p s\u1eed d\u1ee5ng nhi\u1ec1u lo\u1ea1i d\u1ee5ng c\u1ee5 kh\u00e1c nhau \u0111\u1ec3 chuy\u1ec3n \u0111\u1ed5i t\u1eeb t\u01b0\u1eddng tr\u01a1n th\u00e0nh b\u1ec1 m\u1eb7t ho\u00e0n thi\u1ec7n h\u1ea5p d\u1eabn v\u1edbi nh\u1eefng m\u1ee9c \u0111\u1ed9 kh\u00e1c nhau. Fresco r\u1ea5t d\u1ec5 thi c\u00f4ng v\u00e0 cho ph\u00e9p ng\u01b0\u1eddi s\u1eed d\u1ee5ng t\u1ea1o ra nh\u1eefng m\u1eabu trang tr\u00ed v\u00e0 hi\u1ec7u \u1ee9ng s\u00e1ng t\u1ea1o.<\/p>\n<h3>Characteristic<\/h3>\n<p>Fresco l\u00e0 m\u1ed9t h\u1ed7n h\u1ee3p \u0111\u01b0\u1ee3c tuy\u1ec3n ch\u1ecdn t\u1eeb Vinyl Polymers, b\u1ed9t m\u00e0u cao c\u1ea5p, ch\u1ea5t \u0111\u1ed9n v\u00e0 c\u00e1c lo\u1ea1i ph\u1ee5 gia\u2026<br \/>\nFresco c\u00f3 \u01b0u \u0111i\u1ec3m:<\/p>\n<ul>\n<li>D\u1ec5 s\u1eed d\u1ee5ng.<\/li>\n<li>Kh\u00f4ng b\u1eaft ch\u00e1y.<\/li>\n<li>\u0110a n\u0103ng \u2013 cho nhi\u1ec1u ki\u1ec3u trang tr\u00ed kh\u00e1c nhau.<\/li>\n<li>C\u00f3 kh\u1ea3 n\u0103ng chuy\u1ec3n \u0111\u1ed5i t\u1eeb t\u01b0\u01a1ng tr\u01a1n th\u00e0nh c\u00e1c b\u1ec1 m\u1eb7t trang tr\u00ed h\u1ea5p d\u1eabn.<\/li>\n<\/ul>\n<h3>Construction Methods<\/h3>\n<p><strong>Surface preparation:<\/strong><br \/>\n\u0110\u1ec3 \u0111\u1ea3m b\u1ea3o \u0111\u1ee7 th\u1eddi gian thi c\u00f4ng Fresco, t\u1ed1t nh\u1ea5t l\u00e0 thi c\u00f4ng tr\u01b0\u1edbc tr\u00ean b\u1ec1 m\u1eb7t nh\u1ecf nh\u01b0 t\u01b0\u1eddng \u0111\u00e3 s\u01a1n vinyl silk \u0111\u1ebfn khi \u0111\u1ea1t \u0111\u01b0\u1ee3c v\u00e2n gai \u01b0ng \u00fd. N\u1ebfu b\u1ec1 m\u1eb7t kh\u00f4ng \u1ed5n \u0111\u1ecbnh c\u1ea7n d\u00f9ng Terraco Penetrating Primer tr\u01b0\u1edbc khi thi c\u00f4ng Fresco<\/p>\n<p><strong>Construction &amp; Cleaning tools:<\/strong><br \/>\nKhu\u1ea5y k\u1ef9 tr\u01b0\u1edbc khi d\u00f9ng. C\u00f3 th\u1ec3 pha th\u00eam 20% n\u01b0\u1edbc n\u1ebfu c\u1ea7n. C\u00f3 nhi\u1ec1u c\u00e1ch \u0111\u1ec3 t\u1ea1o b\u1ec1 m\u1eb7t t\u01b0\u1eddng sao cho \u1ea5n t\u01b0\u1ee3ng, m\u1ed9t trong nh\u1eefng c\u00e1ch \u0111\u00f3 l\u00e0:<\/p>\n<ul>\n<li>L\u0103n s\u01a1n l\u00ean t\u01b0\u1eddng th\u00e0nh nh\u1eefng khu v\u1ef1c kh\u00f4ng \u0111\u1ec1u nhau, d\u00f9ng d\u1ee5ng c\u1ee5 (m\u00fat) t\u1ea1o d\u00e1ng quay. L\u01b0u \u00fd s\u01a1n \u0111\u1ec1u c\u1ea1nh v\u00e0 g\u00f3c<\/li>\n<li>D\u00f9ng d\u1ee5ng c\u1ee5 b\u1eb1ng v\u1ea3i nh\u00fang v\u00e0o s\u01a1n \u0111\u00e3 pha, \u1ea5n nh\u1eb9 l\u00ean b\u1ec1 m\u1eb7t s\u01a1n Fresco c\u00f2n \u01b0\u1edbt \u0111\u1ec3 t\u1ea1o v\u00e2n gai t\u00f9y \u00fd.<br \/>\nV\u1ec7 sinh d\u1ee5ng c\u1ee5 b\u1eb1ng n\u01b0\u1edbc s\u1ea1ch sau khi s\u1eed d\u1ee5ng.<\/li>\n<\/ul>\n<h3>Specifications<\/h3>\n<table class=\"table table-bordered\" style=\"width: 100%; height: 410px;\">\n<tbody>\n<tr style=\"height: 41px;\">\n<td style=\"width: 344.513px; height: 41px;\"><strong>Products<\/strong><\/td>\n<td style=\"width: 672.088px; height: 41px;\">S\u01a1n trang tr\u00ed t\u01b0\u1eddng<\/td>\n<\/tr>\n<tr style=\"height: 41px;\">\n<td style=\"width: 344.513px; height: 41px;\"><strong>Adhesives <\/strong><\/td>\n<td style=\"width: 672.088px; height: 41px;\">Nh\u1ef1a Vinyl<\/td>\n<\/tr>\n<tr style=\"height: 41px;\">\n<td style=\"width: 344.513px; height: 41px;\"><strong>Pha lo\u00e3ng<\/strong><\/td>\n<td style=\"width: 672.088px; height: 41px;\">Pha v\u1edbi n\u01b0\u1edbc n\u1ebfu c\u1ea7n<\/td>\n<\/tr>\n<tr style=\"height: 41px;\">\n<td style=\"width: 344.513px; height: 41px;\"><strong>Dry time<\/strong><\/td>\n<td style=\"width: 672.088px; height: 41px;\">1 &#8211; 2 gi\u1edd<\/td>\n<\/tr>\n<tr style=\"height: 41px;\">\n<td style=\"width: 344.513px; height: 41px;\"><b>\u0110\u1ecbnh m\u1ee9c<\/b><\/td>\n<td style=\"width: 672.088px; height: 41px;\">0.15 &#8211; 0.20 kg\/m\u00b2<\/td>\n<\/tr>\n<tr style=\"height: 41px;\">\n<td style=\"width: 344.513px; height: 41px;\"><strong>Proportion<\/strong><\/td>\n<td style=\"width: 672.088px; height: 41px;\">1.25<\/td>\n<\/tr>\n<tr style=\"height: 41px;\">\n<td style=\"width: 344.513px; height: 41px;\"><strong>Construction method<\/strong><\/td>\n<td style=\"width: 672.088px; height: 41px;\">V\u1ea3i\/ C\u1ecd\/ Rulo<\/td>\n<\/tr>\n<tr style=\"height: 41px;\">\n<td style=\"width: 344.513px; height: 41px;\"><b>Color\u00a0<\/b><\/td>\n<td style=\"width: 672.088px; height: 41px;\">M\u00e0u tr\u1eafng<\/td>\n<\/tr>\n<tr style=\"height: 41px;\">\n<td style=\"width: 344.513px; height: 41px;\"><strong>Preserve\u00a0<\/strong><\/td>\n<td style=\"width: 672.088px; height: 41px;\">12 th\u00e1ng trong th\u00f9ng ch\u01b0a m\u1edf n\u1eafp<\/td>\n<\/tr>\n<tr style=\"height: 41px;\">\n<td style=\"width: 344.513px; height: 41px;\"><b>Pack<\/b><\/td>\n<td style=\"width: 672.088px; height: 41px;\">Th\u00f9ng 5 kg &amp; 25 kg<\/td>\n<\/tr>\n<\/tbody>\n<\/table>","protected":false},"excerpt":{"rendered":"<p>Fresco l\u00e0 m\u1ed9t lo\u1ea1i s\u01a1n trang tr\u00ed t\u01b0\u1eddng. Fresco c\u00f3 t\u00ednh n\u0103ng \u0111a d\u1ea1ng, cho ph\u00e9p s\u1eed d\u1ee5ng nhi\u1ec1u lo\u1ea1i d\u1ee5ng c\u1ee5 kh\u00e1c nhau \u0111\u1ec3 chuy\u1ec3n \u0111\u1ed5i t\u1eeb t\u01b0\u1eddng tr\u01a1n th\u00e0nh b\u1ec1 m\u1eb7t ho\u00e0n thi\u1ec7n h\u1ea5p d\u1eabn v\u1edbi nh\u1eefng m\u1ee9c \u0111\u1ed9 kh\u00e1c nhau<\/p>","protected":false},"featured_media":321,"comment_status":"open","ping_status":"closed","template":"","meta":[],"product_cat":[31,24,23],"product_tag":[],"yst_prominent_words":[],"acf":[],"_links":{"self":[{"href":"https:\/\/tdus.com.vn\/en\/wp-json\/wp\/v2\/product\/319"}],"collection":[{"href":"https:\/\/tdus.com.vn\/en\/wp-json\/wp\/v2\/product"}],"about":[{"href":"https:\/\/tdus.com.vn\/en\/wp-json\/wp\/v2\/types\/product"}],"replies":[{"embeddable":true,"href":"https:\/\/tdus.com.vn\/en\/wp-json\/wp\/v2\/comments?post=319"}],"wp:featuredmedia":[{"embeddable":true,"href":"https:\/\/tdus.com.vn\/en\/wp-json\/wp\/v2\/media\/321"}],"wp:attachment":[{"href":"https:\/\/tdus.com.vn\/en\/wp-json\/wp\/v2\/media?parent=319"}],"wp:term":[{"taxonomy":"product_cat","embeddable":true,"href":"https:\/\/tdus.com.vn\/en\/wp-json\/wp\/v2\/product_cat?post=319"},{"taxonomy":"product_tag","embeddable":true,"href":"https:\/\/tdus.com.vn\/en\/wp-json\/wp\/v2\/product_tag?post=319"},{"taxonomy":"yst_prominent_words","embeddable":true,"href":"https:\/\/tdus.com.vn\/en\/wp-json\/wp\/v2\/yst_prominent_words?post=319"}],"curies":[{"name":"wp","href":"https:\/\/api.w.org\/{rel}","templated":true}]}}